{"id":3799,"date":"2016-09-19T10:09:34","date_gmt":"2016-09-19T09:09:34","guid":{"rendered":"https:\/\/agroconsult.cz\/?page_id=3799"},"modified":"2023-03-22T10:19:18","modified_gmt":"2023-03-22T09:19:18","slug":"kontaktinformationen","status":"publish","type":"page","link":"https:\/\/agroconsult.cz\/de\/kontaktinformationen\/","title":{"rendered":"Kontaktinformationen"},"content":{"rendered":"<section class=\"wpb-content-wrapper\"><p>[vc_row][vc_column][vc_column_text]<\/p>\n<p style=\"text-align: left;\"><strong><span style=\"font-size: 14pt;\">Firmensitz und Verwaltungssitz<\/span><\/strong><\/p>\n<p>[\/vc_column_text][vc_empty_space][vc_row_inner][vc_column_inner width=&#8221;1\/2&#8243;][vc_column_text]Telefonnummer: +420 380 427 919<\/p>\n<p>E-Mail-Adresse: info@agroconsult.cz<\/p>\n<p>ID-Nummer: 04656245<\/p>\n<p>Databox-ID: sxyeh9b<\/p>\n<p>&nbsp;<\/p>\n<p><strong>AgroConsult Bohemia s.r.o.<\/strong><\/p>\n<p>Husova t\u0159. 1845\/11<\/p>\n<p>370 01 \u010cesk\u00e9 Bud\u011bjovice[\/vc_column_text][vc_empty_space][\/vc_column_inner][vc_column_inner width=&#8221;1\/2&#8243;]\n<div class=\"wpcf7 no-js\" id=\"wpcf7-f3801-o1\" lang=\"cs-CZ\" dir=\"ltr\" data-wpcf7-id=\"3801\">\n<div class=\"screen-reader-response\"><p role=\"status\" aria-live=\"polite\" aria-atomic=\"true\"><\/p> <ul><\/ul><\/div>\n<form action=\"\/de\/wp-json\/wp\/v2\/pages\/3799#wpcf7-f3801-o1\" method=\"post\" class=\"wpcf7-form init\" aria-label=\"Kontaktn\u00ed formul\u00e1\u0159\" novalidate=\"novalidate\" data-status=\"init\">\n<fieldset class=\"hidden-fields-container\"><input type=\"hidden\" name=\"_wpcf7\" value=\"3801\" \/><input type=\"hidden\" name=\"_wpcf7_version\" value=\"6.1.3\" \/><input type=\"hidden\" name=\"_wpcf7_locale\" value=\"cs_CZ\" \/><input type=\"hidden\" name=\"_wpcf7_unit_tag\" value=\"wpcf7-f3801-o1\" \/><input type=\"hidden\" name=\"_wpcf7_container_post\" value=\"0\" \/><input type=\"hidden\" name=\"_wpcf7_posted_data_hash\" value=\"\" \/>\n<\/fieldset>\n<label> Ihr Vorname und Nachname (erforderlich)\n    <span class=\"wpcf7-form-control-wrap\" data-name=\"your-name\"><input size=\"40\" maxlength=\"400\" class=\"wpcf7-form-control wpcf7-text wpcf7-validates-as-required\" aria-required=\"true\" aria-invalid=\"false\" value=\"\" type=\"text\" name=\"your-name\" \/><\/span> <\/label>\n\n<label> E-Mail Addresse (erforderlich)\n    <span class=\"wpcf7-form-control-wrap\" data-name=\"your-email\"><input size=\"40\" maxlength=\"400\" class=\"wpcf7-form-control wpcf7-email wpcf7-validates-as-required wpcf7-text wpcf7-validates-as-email\" aria-required=\"true\" aria-invalid=\"false\" value=\"\" type=\"email\" name=\"your-email\" \/><\/span> <\/label>\n\n<label> Objekt\n    <span class=\"wpcf7-form-control-wrap\" data-name=\"your-subject\"><input size=\"40\" maxlength=\"400\" class=\"wpcf7-form-control wpcf7-text\" aria-invalid=\"false\" value=\"\" type=\"text\" name=\"your-subject\" \/><\/span> <\/label>\n\n<label> Ihre Nachricht\n    <span class=\"wpcf7-form-control-wrap\" data-name=\"your-message\"><textarea cols=\"40\" rows=\"10\" maxlength=\"2000\" class=\"wpcf7-form-control wpcf7-textarea\" aria-invalid=\"false\" name=\"your-message\"><\/textarea><\/span> <\/label>\n\n<input class=\"wpcf7-form-control wpcf7-submit has-spinner\" type=\"submit\" value=\"Absenden\" \/><div class=\"wpcf7-response-output\" aria-hidden=\"true\"><\/div>\n<\/form>\n<\/div>\n[\/vc_column_inner][\/vc_row_inner][\/vc_column][\/vc_row][vc_row][vc_column][vc_empty_space height=&#8221;64px&#8221;][\/vc_column][\/vc_row][vc_row full_width=&#8221;stretch_row&#8221; css=&#8221;.vc_custom_1678181507990{background-color: #fde428 !important;}&#8221;][vc_column][vc_empty_space][vc_column_text]<\/p>\n<p style=\"text-align: left;\"><span style=\"font-size: 14pt;\"><strong>Gespr\u00e4chspartner<\/strong><\/span><\/p>\n<p>[\/vc_column_text][vc_empty_space height=&#8221;1px&#8221;][\/vc_column][\/vc_row][vc_row][vc_column][vc_empty_space height=&#8221;40px&#8221;][vc_row_inner][vc_column_inner width=&#8221;1\/2&#8243;][vc_column_text]<span style=\"font-size: 12pt;\"><strong>Ing. Ji\u0159\u00ed Alina, Ph.D.<\/strong><\/span><\/p>\n<p>Gesch\u00e4ftsf\u00fchrer<\/p>\n<p>+420 602 317 457<\/p>\n<p>+420 380 427 919<\/p>\n<p>alina@agroconsult.cz[\/vc_column_text][vc_empty_space][\/vc_column_inner][vc_column_inner width=&#8221;1\/2&#8243;][vc_column_text]<span style=\"font-size: 12pt;\"><strong>Bc. Dominika Kub\u00e1\u0148ov\u00e1<\/strong><\/span><\/p>\n<p>B\u00fcroleiter<\/p>\n<p>+420 725 585 721<\/p>\n<p>+420 380 427 919<\/p>\n<p>kubanova@agroconsult.cz[\/vc_column_text][vc_empty_space][\/vc_column_inner][\/vc_row_inner][vc_row_inner][vc_column_inner width=&#8221;1\/2&#8243;][vc_column_text]<span style=\"font-size: 12pt;\"><strong>\u0160\u00e1rka Ma\u0161kov\u00e1<\/strong><\/span><\/p>\n<p>Daten Analyst<\/p>\n<p>+420 380 427 919<\/p>\n<p>maskova@agroconsult.cz[\/vc_column_text][vc_empty_space][\/vc_column_inner][vc_column_inner width=&#8221;1\/2&#8243;][vc_column_text]<span style=\"font-size: 12pt;\"><strong>Ing. Petr Rohlena<\/strong><\/span><\/p>\n<p>Projektmanager<\/p>\n<p>+420 380 427 919<\/p>\n<p>+420 725 032 578<\/p>\n<p>rohlena@agroconsult.cz[\/vc_column_text][vc_empty_space][\/vc_column_inner][\/vc_row_inner][\/vc_column][\/vc_row][vc_row][vc_column][vc_gmaps link=&#8221;#E-8_JTNDaWZyYW1lJTIwc3JjJTNEJTIyaHR0cHMlM0ElMkYlMkZ3d3cuZ29vZ2xlLmNvbSUyRm1hcHMlMkZlbWJlZCUzRnBiJTNEJTIxMW0xOCUyMTFtMTIlMjExbTMlMjExZDI2MTguNzM5MTgyNDIyNzA2JTIxMmQxNC40NjU4MzczMTU2Nzg1NDclMjEzZDQ4Ljk3NzQ4OTA3OTI5OTI0JTIxMm0zJTIxMWYwJTIxMmYwJTIxM2YwJTIxM20yJTIxMWkxMDI0JTIxMmk3NjglMjE0ZjEzLjElMjEzbTMlMjExbTIlMjExczB4NDc3MzRmZDE3MThlOWZkOSUyNTNBMHg0MTJmMjBlMGFkNzUxMWQyJTIxMnpTSFZ6YjNaaElIVEZtUzRnTVRnME5TOHhNU3dneEl4bGMydkRxU0JDZFdURW0ycHZkbWxqWlNBekxDQXpOekFnTURFZ3hJeGxjMnZEcVNCQ2RXVEVtMnB2ZG1salpRJTIxNWUwJTIxM20yJTIxMXNjcyUyMTJzY3olMjE0djE0ODE4ODI1OTk0MzclMjIlMjB3aWR0aCUzRCUyMjYwMCUyMiUyMGhlaWdodCUzRCUyMjQ1MCUyMiUyMGZyYW1lYm9yZGVyJTNEJTIyMCUyMiUyMHN0eWxlJTNEJTIyYm9yZGVyJTNBMCUyMiUyMGFsbG93ZnVsbHNjcmVlbiUzRSUzQyUyRmlmcmFtZSUzRQ==&#8221; size=&#8221;300&#8243;][vc_empty_space][\/vc_column][\/vc_row]<\/p>\n<\/section>","protected":false},"excerpt":{"rendered":"<p>[vc_row][vc_column][vc_column_text] Firmensitz und Verwaltungssitz [\/vc_column_text][vc_empty_space][vc_row_inner][vc_column_inner width=&#8221;1\/2&#8243;][vc_column_text]Telefonnummer: +420 380 427 919 E-Mail-Adresse: info@agroconsult.cz ID-Nummer: 04656245 Databox-ID: sxyeh9b &nbsp; AgroConsult Bohemia s.r.o. Husova t\u0159. 1845\/11 370 01 \u010cesk\u00e9 Bud\u011bjovice[\/vc_column_text][vc_empty_space][\/vc_column_inner][vc_column_inner width=&#8221;1\/2&#8243;][\/vc_column_inner][\/vc_row_inner][\/vc_column][\/vc_row][vc_row][vc_column][vc_empty_space height=&#8221;64px&#8221;][\/vc_column][\/vc_row][vc_row full_width=&#8221;stretch_row&#8221; css=&#8221;.vc_custom_1678181507990{background-color: #fde428 !important;}&#8221;][vc_column][vc_empty_space][vc_column_text] Gespr\u00e4chspartner [\/vc_column_text][vc_empty_space height=&#8221;1px&#8221;][\/vc_column][\/vc_row][vc_row][vc_column][vc_empty_space height=&#8221;40px&#8221;][vc_row_inner][vc_column_inner width=&#8221;1\/2&#8243;][vc_column_text]Ing. Ji\u0159\u00ed Alina, Ph.D. Gesch\u00e4ftsf\u00fchrer +420 602 317 457 +420 380 427 919 alina@agroconsult.cz[\/vc_column_text][vc_empty_space][\/vc_column_inner][vc_column_inner width=&#8221;1\/2&#8243;][vc_column_text]Bc. Dominika Kub\u00e1\u0148ov\u00e1 B\u00fcroleiter<\/p>\n","protected":false},"author":4,"featured_media":0,"parent":0,"menu_order":0,"comment_status":"closed","ping_status":"closed","template":"","meta":{"footnotes":""},"class_list":["post-3799","page","type-page","status-publish","hentry"],"yoast_head":"<!-- This site is optimized with the Yoast SEO plugin v26.3 - https:\/\/yoast.com\/wordpress\/plugins\/seo\/ -->\n<title>Kontaktinformationen &#8211; AgroConsult Bohemia, s.r.o. | Poradenstv\u00ed v oblasti zem\u011bd\u011blstv\u00ed<\/title>\n<meta name=\"robots\" content=\"index, follow, max-snippet:-1, max-image-preview:large, max-video-preview:-1\" \/>\n<link rel=\"canonical\" href=\"https:\/\/agroconsult.cz\/de\/kontaktinformationen\/\" \/>\n<meta property=\"og:locale\" content=\"de_DE\" \/>\n<meta property=\"og:type\" content=\"article\" \/>\n<meta property=\"og:title\" content=\"Kontaktinformationen &#8211; AgroConsult Bohemia, s.r.o. | Poradenstv\u00ed v oblasti zem\u011bd\u011blstv\u00ed\" \/>\n<meta property=\"og:description\" content=\"[vc_row][vc_column][vc_column_text] Firmensitz und Verwaltungssitz [\/vc_column_text][vc_empty_space][vc_row_inner][vc_column_inner width=&#8221;1\/2&#8243;][vc_column_text]Telefonnummer: +420 380 427 919 E-Mail-Adresse: info@agroconsult.cz ID-Nummer: 04656245 Databox-ID: sxyeh9b &nbsp; AgroConsult Bohemia s.r.o. Husova t\u0159. 1845\/11 370 01 \u010cesk\u00e9 Bud\u011bjovice[\/vc_column_text][vc_empty_space][\/vc_column_inner][vc_column_inner width=&#8221;1\/2&#8243;][\/vc_column_inner][\/vc_row_inner][\/vc_column][\/vc_row][vc_row][vc_column][vc_empty_space height=&#8221;64px&#8221;][\/vc_column][\/vc_row][vc_row full_width=&#8221;stretch_row&#8221; css=&#8221;.vc_custom_1678181507990{background-color: #fde428 !important;}&#8221;][vc_column][vc_empty_space][vc_column_text] Gespr\u00e4chspartner [\/vc_column_text][vc_empty_space height=&#8221;1px&#8221;][\/vc_column][\/vc_row][vc_row][vc_column][vc_empty_space height=&#8221;40px&#8221;][vc_row_inner][vc_column_inner width=&#8221;1\/2&#8243;][vc_column_text]Ing. Ji\u0159\u00ed Alina, Ph.D. Gesch\u00e4ftsf\u00fchrer +420 602 317 457 +420 380 427 919 alina@agroconsult.cz[\/vc_column_text][vc_empty_space][\/vc_column_inner][vc_column_inner width=&#8221;1\/2&#8243;][vc_column_text]Bc. Dominika Kub\u00e1\u0148ov\u00e1 B\u00fcroleiter\" \/>\n<meta property=\"og:url\" content=\"https:\/\/agroconsult.cz\/de\/kontaktinformationen\/\" \/>\n<meta property=\"og:site_name\" content=\"AgroConsult Bohemia, s.r.o. | Poradenstv\u00ed v oblasti zem\u011bd\u011blstv\u00ed\" \/>\n<meta property=\"article:modified_time\" content=\"2023-03-22T09:19:18+00:00\" \/>\n<meta name=\"twitter:card\" content=\"summary_large_image\" \/>\n<meta name=\"twitter:label1\" content=\"Gesch\u00e4tzte Lesezeit\" \/>\n\t<meta name=\"twitter:data1\" content=\"1\u00a0Minute\" \/>\n<script type=\"application\/ld+json\" class=\"yoast-schema-graph\">{\"@context\":\"https:\/\/schema.org\",\"@graph\":[{\"@type\":\"WebPage\",\"@id\":\"https:\/\/agroconsult.cz\/de\/kontaktinformationen\/\",\"url\":\"https:\/\/agroconsult.cz\/de\/kontaktinformationen\/\",\"name\":\"Kontaktinformationen &#8211; AgroConsult Bohemia, s.r.o. | Poradenstv\u00ed v oblasti zem\u011bd\u011blstv\u00ed\",\"isPartOf\":{\"@id\":\"https:\/\/agroconsult.cz\/#website\"},\"datePublished\":\"2016-09-19T09:09:34+00:00\",\"dateModified\":\"2023-03-22T09:19:18+00:00\",\"breadcrumb\":{\"@id\":\"https:\/\/agroconsult.cz\/de\/kontaktinformationen\/#breadcrumb\"},\"inLanguage\":\"de\",\"potentialAction\":[{\"@type\":\"ReadAction\",\"target\":[\"https:\/\/agroconsult.cz\/de\/kontaktinformationen\/\"]}]},{\"@type\":\"BreadcrumbList\",\"@id\":\"https:\/\/agroconsult.cz\/de\/kontaktinformationen\/#breadcrumb\",\"itemListElement\":[{\"@type\":\"ListItem\",\"position\":1,\"name\":\"Dom\u016f\",\"item\":\"https:\/\/agroconsult.cz\/de\/\"},{\"@type\":\"ListItem\",\"position\":2,\"name\":\"Kontaktinformationen\"}]},{\"@type\":\"WebSite\",\"@id\":\"https:\/\/agroconsult.cz\/#website\",\"url\":\"https:\/\/agroconsult.cz\/\",\"name\":\"AgroConsult Bohemia, s.r.o. | Poradenstv\u00ed v oblasti zem\u011bd\u011blstv\u00ed\",\"description\":\"Smyslem pr\u00e1ce na\u0161ich poradc\u016f v zem\u011bd\u011blsk\u00e9m poradenstv\u00ed je poskytnout klient\u016fm pomoc, kter\u00e1 se vyplat\u00ed.\",\"potentialAction\":[{\"@type\":\"SearchAction\",\"target\":{\"@type\":\"EntryPoint\",\"urlTemplate\":\"https:\/\/agroconsult.cz\/?s={search_term_string}\"},\"query-input\":{\"@type\":\"PropertyValueSpecification\",\"valueRequired\":true,\"valueName\":\"search_term_string\"}}],\"inLanguage\":\"de\"}]}<\/script>\n<!-- \/ Yoast SEO plugin. -->","yoast_head_json":{"title":"Kontaktinformationen &#8211; AgroConsult Bohemia, s.r.o. | Poradenstv\u00ed v oblasti zem\u011bd\u011blstv\u00ed","robots":{"index":"index","follow":"follow","max-snippet":"max-snippet:-1","max-image-preview":"max-image-preview:large","max-video-preview":"max-video-preview:-1"},"canonical":"https:\/\/agroconsult.cz\/de\/kontaktinformationen\/","og_locale":"de_DE","og_type":"article","og_title":"Kontaktinformationen &#8211; AgroConsult Bohemia, s.r.o. | Poradenstv\u00ed v oblasti zem\u011bd\u011blstv\u00ed","og_description":"[vc_row][vc_column][vc_column_text] Firmensitz und Verwaltungssitz [\/vc_column_text][vc_empty_space][vc_row_inner][vc_column_inner width=&#8221;1\/2&#8243;][vc_column_text]Telefonnummer: +420 380 427 919 E-Mail-Adresse: info@agroconsult.cz ID-Nummer: 04656245 Databox-ID: sxyeh9b &nbsp; AgroConsult Bohemia s.r.o. Husova t\u0159. 1845\/11 370 01 \u010cesk\u00e9 Bud\u011bjovice[\/vc_column_text][vc_empty_space][\/vc_column_inner][vc_column_inner width=&#8221;1\/2&#8243;][\/vc_column_inner][\/vc_row_inner][\/vc_column][\/vc_row][vc_row][vc_column][vc_empty_space height=&#8221;64px&#8221;][\/vc_column][\/vc_row][vc_row full_width=&#8221;stretch_row&#8221; css=&#8221;.vc_custom_1678181507990{background-color: #fde428 !important;}&#8221;][vc_column][vc_empty_space][vc_column_text] Gespr\u00e4chspartner [\/vc_column_text][vc_empty_space height=&#8221;1px&#8221;][\/vc_column][\/vc_row][vc_row][vc_column][vc_empty_space height=&#8221;40px&#8221;][vc_row_inner][vc_column_inner width=&#8221;1\/2&#8243;][vc_column_text]Ing. Ji\u0159\u00ed Alina, Ph.D. Gesch\u00e4ftsf\u00fchrer +420 602 317 457 +420 380 427 919 alina@agroconsult.cz[\/vc_column_text][vc_empty_space][\/vc_column_inner][vc_column_inner width=&#8221;1\/2&#8243;][vc_column_text]Bc. Dominika Kub\u00e1\u0148ov\u00e1 B\u00fcroleiter","og_url":"https:\/\/agroconsult.cz\/de\/kontaktinformationen\/","og_site_name":"AgroConsult Bohemia, s.r.o. | Poradenstv\u00ed v oblasti zem\u011bd\u011blstv\u00ed","article_modified_time":"2023-03-22T09:19:18+00:00","twitter_card":"summary_large_image","twitter_misc":{"Gesch\u00e4tzte Lesezeit":"1\u00a0Minute"},"schema":{"@context":"https:\/\/schema.org","@graph":[{"@type":"WebPage","@id":"https:\/\/agroconsult.cz\/de\/kontaktinformationen\/","url":"https:\/\/agroconsult.cz\/de\/kontaktinformationen\/","name":"Kontaktinformationen &#8211; AgroConsult Bohemia, s.r.o. | Poradenstv\u00ed v oblasti zem\u011bd\u011blstv\u00ed","isPartOf":{"@id":"https:\/\/agroconsult.cz\/#website"},"datePublished":"2016-09-19T09:09:34+00:00","dateModified":"2023-03-22T09:19:18+00:00","breadcrumb":{"@id":"https:\/\/agroconsult.cz\/de\/kontaktinformationen\/#breadcrumb"},"inLanguage":"de","potentialAction":[{"@type":"ReadAction","target":["https:\/\/agroconsult.cz\/de\/kontaktinformationen\/"]}]},{"@type":"BreadcrumbList","@id":"https:\/\/agroconsult.cz\/de\/kontaktinformationen\/#breadcrumb","itemListElement":[{"@type":"ListItem","position":1,"name":"Dom\u016f","item":"https:\/\/agroconsult.cz\/de\/"},{"@type":"ListItem","position":2,"name":"Kontaktinformationen"}]},{"@type":"WebSite","@id":"https:\/\/agroconsult.cz\/#website","url":"https:\/\/agroconsult.cz\/","name":"AgroConsult Bohemia, s.r.o. | Poradenstv\u00ed v oblasti zem\u011bd\u011blstv\u00ed","description":"Smyslem pr\u00e1ce na\u0161ich poradc\u016f v zem\u011bd\u011blsk\u00e9m poradenstv\u00ed je poskytnout klient\u016fm pomoc, kter\u00e1 se vyplat\u00ed.","potentialAction":[{"@type":"SearchAction","target":{"@type":"EntryPoint","urlTemplate":"https:\/\/agroconsult.cz\/?s={search_term_string}"},"query-input":{"@type":"PropertyValueSpecification","valueRequired":true,"valueName":"search_term_string"}}],"inLanguage":"de"}]}},"_links":{"self":[{"href":"https:\/\/agroconsult.cz\/de\/wp-json\/wp\/v2\/pages\/3799","targetHints":{"allow":["GET"]}}],"collection":[{"href":"https:\/\/agroconsult.cz\/de\/wp-json\/wp\/v2\/pages"}],"about":[{"href":"https:\/\/agroconsult.cz\/de\/wp-json\/wp\/v2\/types\/page"}],"author":[{"embeddable":true,"href":"https:\/\/agroconsult.cz\/de\/wp-json\/wp\/v2\/users\/4"}],"replies":[{"embeddable":true,"href":"https:\/\/agroconsult.cz\/de\/wp-json\/wp\/v2\/comments?post=3799"}],"version-history":[{"count":4,"href":"https:\/\/agroconsult.cz\/de\/wp-json\/wp\/v2\/pages\/3799\/revisions"}],"predecessor-version":[{"id":3847,"href":"https:\/\/agroconsult.cz\/de\/wp-json\/wp\/v2\/pages\/3799\/revisions\/3847"}],"wp:attachment":[{"href":"https:\/\/agroconsult.cz\/de\/wp-json\/wp\/v2\/media?parent=3799"}],"curies":[{"name":"wp","href":"https:\/\/api.w.org\/{rel}","templated":true}]}}